{"id":7,"date":"2025-01-30T20:45:29","date_gmt":"2025-01-30T20:45:29","guid":{"rendered":"https:\/\/studio360.fi\/?page_id=7"},"modified":"2026-01-18T19:58:32","modified_gmt":"2026-01-18T19:58:32","slug":"yhteystiedot","status":"publish","type":"page","link":"https:\/\/studio360.fi\/?page_id=7","title":{"rendered":"Yhteystiedot"},"content":{"rendered":"<style>.kb-row-layout-id7_11e9c3-2a > .kt-row-column-wrap{align-content:start;}:where(.kb-row-layout-id7_11e9c3-2a > .kt-row-column-wrap) > .wp-block-kadence-column{justify-content:start;}.kb-row-layout-id7_11e9c3-2a > .kt-row-column-wrap{column-gap:var(--global-kb-gap-md, 2rem);row-gap:var(--global-kb-gap-md, 2rem);max-width:756px;padding-top:var(--global-kb-spacing-xl, 4rem);grid-template-columns:minmax(0, 1fr);}.kb-row-layout-id7_11e9c3-2a{background-image:linear-gradient(135deg,rgb(51,51,51) 0%,rgb(0,0,0) 100%);}.kb-row-layout-id7_11e9c3-2a > .kt-row-layout-overlay{opacity:0.30;}.kb-row-layout-id7_11e9c3-2a{z-index:12;position:relative;}@media all and (max-width: 1024px){.kb-row-layout-id7_11e9c3-2a > .kt-row-column-wrap{grid-template-columns:minmax(0, 1fr);}}@media all and (max-width: 767px){.kb-row-layout-id7_11e9c3-2a > .kt-row-column-wrap{grid-template-columns:minmax(0, 1fr);}}.kb-row-layout-id7_11e9c3-2a {}<\/style><div class=\"kb-row-layout-wrap kb-row-layout-id7_11e9c3-2a alignfull kt-row-has-bg wp-block-kadence-rowlayout\"><div class=\"kt-row-column-wrap kt-has-1-columns kt-row-layout-equal kt-tab-layout-inherit kt-mobile-layout-row kt-row-valign-top kb-theme-content-width\">\n<style>.kadence-column7_096b7a-dc > .kt-inside-inner-col,.kadence-column7_096b7a-dc > .kt-inside-inner-col:before{border-top-left-radius:0px;border-top-right-radius:0px;border-bottom-right-radius:0px;border-bottom-left-radius:0px;}.kadence-column7_096b7a-dc > .kt-inside-inner-col{column-gap:var(--global-kb-gap-sm, 1rem);}.kadence-column7_096b7a-dc > .kt-inside-inner-col{flex-direction:column;}.kadence-column7_096b7a-dc > .kt-inside-inner-col > .aligncenter{width:100%;}.kadence-column7_096b7a-dc > .kt-inside-inner-col:before{opacity:0.3;}.kadence-column7_096b7a-dc{position:relative;}.kadence-column7_096b7a-dc, .kt-inside-inner-col > .kadence-column7_096b7a-dc:not(.specificity){margin-top:0px;margin-right:0px;margin-bottom:0px;margin-left:0px;}@media all and (max-width: 1024px){.kadence-column7_096b7a-dc > .kt-inside-inner-col,.kadence-column7_096b7a-dc > .kt-inside-inner-col:before{border-top-left-radius:25px;border-top-right-radius:25px;border-bottom-right-radius:25px;border-bottom-left-radius:25px;}}@media all and (max-width: 1024px){.kadence-column7_096b7a-dc > .kt-inside-inner-col{flex-direction:column;justify-content:center;}}@media all and (max-width: 1024px){.kadence-column7_096b7a-dc, .kt-inside-inner-col > .kadence-column7_096b7a-dc:not(.specificity){margin-bottom:0px;}}@media all and (max-width: 767px){.kadence-column7_096b7a-dc > .kt-inside-inner-col{padding-top:0px;padding-right:0px;padding-bottom:0px;padding-left:0px;flex-direction:column;justify-content:center;}}<\/style>\n<div class=\"wp-block-kadence-column kadence-column7_096b7a-dc\"><div class=\"kt-inside-inner-col\"><style>.kb-row-layout-id7_d6c93a-d6 > .kt-row-column-wrap{align-content:center;}:where(.kb-row-layout-id7_d6c93a-d6 > .kt-row-column-wrap) > .wp-block-kadence-column{justify-content:center;}.kb-row-layout-id7_d6c93a-d6 > .kt-row-column-wrap{column-gap:var(--global-kb-gap-lg, 4rem);row-gap:var(--global-kb-gap-md, 2rem);padding-top:var(--global-kb-spacing-xs, 1rem);padding-bottom:var(--global-kb-spacing-lg, 3rem);grid-template-columns:repeat(2, minmax(0, 1fr));}.kb-row-layout-id7_d6c93a-d6 > .kt-row-layout-overlay{opacity:0.30;}.kb-row-layout-id7_d6c93a-d6{z-index:10;position:relative;}@media all and (max-width: 1024px){.kb-row-layout-id7_d6c93a-d6 > .kt-row-column-wrap{grid-template-columns:repeat(2, minmax(0, 1fr));}}@media all and (max-width: 1024px){.kb-row-layout-id7_d6c93a-d6{border-top-left-radius:20px;border-top-right-radius:20px;border-bottom-right-radius:20px;border-bottom-left-radius:20px;}}@media all and (max-width: 767px){.kb-row-layout-id7_d6c93a-d6 > .kt-row-column-wrap{padding-top:var(--global-kb-spacing-xxs, 0.5rem);padding-right:0px;padding-bottom:var(--global-kb-spacing-md, 2rem);padding-left:0px;grid-template-columns:minmax(0, 1fr);}.kb-row-layout-id7_d6c93a-d6{border-top-left-radius:0px;border-top-right-radius:0px;border-bottom-right-radius:0px;border-bottom-left-radius:0px;}.kb-row-layout-wrap.wp-block-kadence-rowlayout.kb-row-layout-id7_d6c93a-d6{background:rgba(0,0,0,0);}}<\/style><div class=\"kb-row-layout-wrap kb-row-layout-id7_d6c93a-d6 alignnone shadow wp-block-kadence-rowlayout\"><div class=\"kt-row-column-wrap kt-has-2-columns kt-row-layout-equal kt-tab-layout-inherit kt-mobile-layout-row kt-row-valign-middle\">\n<style>.kadence-column7_f330df-a5 > .kt-inside-inner-col,.kadence-column7_f330df-a5 > .kt-inside-inner-col:before{border-top-left-radius:0px;border-top-right-radius:0px;border-bottom-right-radius:0px;border-bottom-left-radius:0px;}.kadence-column7_f330df-a5 > .kt-inside-inner-col{column-gap:var(--global-kb-gap-sm, 1rem);}.kadence-column7_f330df-a5 > .kt-inside-inner-col{flex-direction:column;}.kadence-column7_f330df-a5 > .kt-inside-inner-col > .aligncenter{width:100%;}.kadence-column7_f330df-a5 > .kt-inside-inner-col:before{opacity:0.3;}.kadence-column7_f330df-a5{position:relative;}@media all and (max-width: 1024px){.kadence-column7_f330df-a5 > .kt-inside-inner-col{flex-direction:column;justify-content:center;}}@media all and (max-width: 767px){.kadence-column7_f330df-a5 > .kt-inside-inner-col{flex-direction:column;justify-content:center;}}<\/style>\n<div class=\"wp-block-kadence-column kadence-column7_f330df-a5 inner-column-2\"><div class=\"kt-inside-inner-col\"><style>.wp-block-kadence-column.kb-section-dir-horizontal > .kt-inside-inner-col > .kt-info-box7_cc4922-15 .kt-blocks-info-box-link-wrap{max-width:unset;}.kt-info-box7_cc4922-15 .kt-blocks-info-box-link-wrap{border-top-left-radius:0px;border-top-right-radius:0px;border-bottom-right-radius:0px;border-bottom-left-radius:0px;background:rgba(255, 255, 255, 0);padding-top:0px;padding-right:0px;padding-bottom:0px;padding-left:0px;margin-top:0px;margin-right:0px;margin-bottom:0px;margin-left:0px;}.kt-info-box7_cc4922-15 .kt-blocks-info-box-link-wrap:hover{background:rgba(255, 255, 255, 0);}.kt-info-box7_cc4922-15 .kadence-info-box-icon-container .kt-info-svg-icon, .kt-info-box7_cc4922-15 .kt-info-svg-icon-flip, .kt-info-box7_cc4922-15 .kt-blocks-info-box-number{font-size:20px;}.kt-info-box7_cc4922-15 .kt-blocks-info-box-media{color:#f2f2f2;background:var(--global-palette3, #1A202C);border-color:#eeeeee;border-radius:200px;overflow:hidden;border-top-width:0px;border-right-width:0px;border-bottom-width:0px;border-left-width:0px;padding-top:15px;padding-right:15px;padding-bottom:15px;padding-left:15px;margin-top:0px;margin-right:16px;margin-bottom:0px;margin-left:0px;}.kt-info-box7_cc4922-15 .kt-blocks-info-box-media .kadence-info-box-image-intrisic img{border-radius:200px;}.kt-info-box7_cc4922-15 .kt-blocks-info-box-link-wrap:hover .kt-blocks-info-box-media{color:var(--global-palette1, #3182CE);background:var(--global-palette3, #1A202C);border-color:#eeeeee;}.kt-info-box7_cc4922-15 .kt-infobox-textcontent h6.kt-blocks-info-box-title{color:var(--global-palette9, #ffffff);font-size:20px;line-height:1.3;font-weight:700;padding-top:0px;padding-right:0px;padding-bottom:0px;padding-left:0px;margin-top:5px;margin-right:0px;margin-bottom:10px;margin-left:0px;}.kt-info-box7_cc4922-15 .kt-infobox-textcontent .kt-blocks-info-box-text{color:var(--global-palette8, #F7FAFC);}.kt-info-box7_cc4922-15 .kt-blocks-info-box-learnmore{background:transparent;border-color:#555555;border-width:0px 0px 0px 0px;padding-top:4px;padding-right:8px;padding-bottom:4px;padding-left:8px;margin-top:10px;margin-right:0px;margin-bottom:10px;margin-left:0px;}.kt-info-box7_cc4922-15 .kt-blocks-info-box-link-wrap:hover .kt-blocks-info-box-learnmore,.kt-info-box7_cc4922-15 .kt-blocks-info-box-link-wrap .kt-blocks-info-box-learnmore:focus{color:#ffffff;background:#444444;border-color:#444444;}<\/style>\n<div class=\"wp-block-kadence-infobox kt-info-box7_cc4922-15\"><div class=\"kt-blocks-info-box-link-wrap kt-blocks-info-box-media-align-left kt-info-halign-left\"><div class=\"kt-blocks-info-box-media-container\"><div class=\"kt-blocks-info-box-media kt-info-media-animate-none\"><div class=\"kadence-info-box-icon-container kt-info-icon-animate-none\"><div class=\"kadence-info-box-icon-inner-container\"><span class=\"kb-svg-icon-wrap kb-svg-icon-fe_map kt-info-svg-icon\"><svg viewBox=\"0 0 24 24\"  fill=\"none\" stroke=\"currentColor\" stroke-width=\"2\" stroke-linecap=\"round\" stroke-linejoin=\"round\" xmlns=\"http:\/\/www.w3.org\/2000\/svg\"  aria-hidden=\"true\"><polygon points=\"1 6 1 22 8 18 16 22 23 18 23 2 16 6 8 2 1 6\"\/><line x1=\"8\" y1=\"2\" x2=\"8\" y2=\"18\"\/><line x1=\"16\" y1=\"6\" x2=\"16\" y2=\"22\"\/><\/svg><\/span><\/div><\/div><\/div><\/div><div class=\"kt-infobox-textcontent\"><h6 class=\"kt-blocks-info-box-title\">Sijainti<\/h6><p class=\"kt-blocks-info-box-text\">Toimin p\u00e4\u00e4asiassa PK-seudulla, mutta sopimuksesta my\u00f6s muualla Suomessa.<\/p><\/div><\/div><\/div>\n<\/div><\/div>\n\n\n<style>.kadence-column7_72aca9-73 > .kt-inside-inner-col,.kadence-column7_72aca9-73 > .kt-inside-inner-col:before{border-top-left-radius:0px;border-top-right-radius:0px;border-bottom-right-radius:0px;border-bottom-left-radius:0px;}.kadence-column7_72aca9-73 > .kt-inside-inner-col{column-gap:var(--global-kb-gap-sm, 1rem);}.kadence-column7_72aca9-73 > .kt-inside-inner-col{flex-direction:column;}.kadence-column7_72aca9-73 > .kt-inside-inner-col > .aligncenter{width:100%;}.kadence-column7_72aca9-73 > .kt-inside-inner-col:before{opacity:0.3;}.kadence-column7_72aca9-73{position:relative;}@media all and (max-width: 1024px){.kadence-column7_72aca9-73 > .kt-inside-inner-col{flex-direction:column;justify-content:center;}}@media all and (max-width: 767px){.kadence-column7_72aca9-73 > .kt-inside-inner-col{flex-direction:column;justify-content:center;}}<\/style>\n<div class=\"wp-block-kadence-column kadence-column7_72aca9-73 inner-column-3\"><div class=\"kt-inside-inner-col\"><style>.wp-block-kadence-column.kb-section-dir-horizontal > .kt-inside-inner-col > .kt-info-box7_cfc068-b6 .kt-blocks-info-box-link-wrap{max-width:unset;}.kt-info-box7_cfc068-b6 .kt-blocks-info-box-link-wrap{border-top-left-radius:0px;border-top-right-radius:0px;border-bottom-right-radius:0px;border-bottom-left-radius:0px;background:rgba(255, 255, 255, 0);padding-top:0px;padding-right:0px;padding-bottom:0px;padding-left:0px;margin-top:0px;margin-right:0px;margin-bottom:0px;margin-left:0px;}.kt-info-box7_cfc068-b6 .kt-blocks-info-box-link-wrap:hover{background:rgba(255, 255, 255, 0);}.kt-info-box7_cfc068-b6 .kadence-info-box-icon-container .kt-info-svg-icon, .kt-info-box7_cfc068-b6 .kt-info-svg-icon-flip, .kt-info-box7_cfc068-b6 .kt-blocks-info-box-number{font-size:20px;}.kt-info-box7_cfc068-b6 .kt-blocks-info-box-media{color:#f2f2f2;background:var(--global-palette3, #1A202C);border-color:#eeeeee;border-radius:200px;overflow:hidden;border-top-width:0px;border-right-width:0px;border-bottom-width:0px;border-left-width:0px;padding-top:15px;padding-right:15px;padding-bottom:15px;padding-left:15px;margin-top:0px;margin-right:16px;margin-bottom:0px;margin-left:0px;}.kt-info-box7_cfc068-b6 .kt-blocks-info-box-media .kadence-info-box-image-intrisic img{border-radius:200px;}.kt-info-box7_cfc068-b6 .kt-blocks-info-box-link-wrap:hover .kt-blocks-info-box-media{color:var(--global-palette1, #3182CE);background:var(--global-palette3, #1A202C);border-color:#eeeeee;}.kt-info-box7_cfc068-b6 .kt-infobox-textcontent h6.kt-blocks-info-box-title{color:var(--global-palette9, #ffffff);font-size:20px;line-height:1.3;font-weight:700;padding-top:0px;padding-right:0px;padding-bottom:0px;padding-left:0px;margin-top:5px;margin-right:0px;margin-bottom:10px;margin-left:0px;}.kt-info-box7_cfc068-b6 .kt-infobox-textcontent .kt-blocks-info-box-text{color:var(--global-palette8, #F7FAFC);}.kt-info-box7_cfc068-b6 .kt-blocks-info-box-learnmore{background:transparent;border-color:#555555;border-width:0px 0px 0px 0px;padding-top:4px;padding-right:8px;padding-bottom:4px;padding-left:8px;margin-top:10px;margin-right:0px;margin-bottom:10px;margin-left:0px;}.kt-info-box7_cfc068-b6 .kt-blocks-info-box-link-wrap:hover .kt-blocks-info-box-learnmore,.kt-info-box7_cfc068-b6 .kt-blocks-info-box-link-wrap .kt-blocks-info-box-learnmore:focus{color:#ffffff;background:#444444;border-color:#444444;}<\/style>\n<div class=\"wp-block-kadence-infobox kt-info-box7_cfc068-b6\"><div class=\"kt-blocks-info-box-link-wrap kt-blocks-info-box-media-align-left kt-info-halign-left\"><div class=\"kt-blocks-info-box-media-container\"><div class=\"kt-blocks-info-box-media kt-info-media-animate-none\"><div class=\"kadence-info-box-icon-container kt-info-icon-animate-none\"><div class=\"kadence-info-box-icon-inner-container\"><span class=\"kb-svg-icon-wrap kb-svg-icon-fe_phoneCall kt-info-svg-icon\"><svg viewBox=\"0 0 24 24\"  fill=\"none\" stroke=\"currentColor\" stroke-width=\"2\" stroke-linecap=\"round\" stroke-linejoin=\"round\" xmlns=\"http:\/\/www.w3.org\/2000\/svg\"  aria-hidden=\"true\"><path d=\"M15.05 5A5 5 0 0 1 19 8.95M15.05 1A9 9 0 0 1 23 8.94m-1 7.98v3a2 2 0 0 1-2.18 2 19.79 19.79 0 0 1-8.63-3.07 19.5 19.5 0 0 1-6-6 19.79 19.79 0 0 1-3.07-8.67A2 2 0 0 1 4.11 2h3a2 2 0 0 1 2 1.72 12.84 12.84 0 0 0 .7 2.81 2 2 0 0 1-.45 2.11L8.09 9.91a16 16 0 0 0 6 6l1.27-1.27a2 2 0 0 1 2.11-.45 12.84 12.84 0 0 0 2.81.7A2 2 0 0 1 22 16.92z\"\/><\/svg><\/span><\/div><\/div><\/div><\/div><div class=\"kt-infobox-textcontent\"><h6 class=\"kt-blocks-info-box-title\">Puhelinnumero<\/h6><p class=\"kt-blocks-info-box-text\">040 747 9934<\/p><\/div><\/div><\/div>\n\n\n<style>.wp-block-kadence-column.kb-section-dir-horizontal > .kt-inside-inner-col > .kt-info-box7_d4e0b0-7d .kt-blocks-info-box-link-wrap{max-width:unset;}.kt-info-box7_d4e0b0-7d .kt-blocks-info-box-link-wrap{border-top-right-radius:0px;border-bottom-right-radius:0px;border-bottom-left-radius:0px;background:rgba(255, 255, 255, 0);padding-top:0px;padding-right:0px;padding-bottom:0px;padding-left:0px;margin-top:20px;margin-right:0px;margin-bottom:0px;margin-left:0px;}.kt-info-box7_d4e0b0-7d .kt-blocks-info-box-link-wrap:hover{background:rgba(255, 255, 255, 0);}.kt-info-box7_d4e0b0-7d .kadence-info-box-icon-container .kt-info-svg-icon, .kt-info-box7_d4e0b0-7d .kt-info-svg-icon-flip, .kt-info-box7_d4e0b0-7d .kt-blocks-info-box-number{font-size:20px;}.kt-info-box7_d4e0b0-7d .kt-blocks-info-box-media{color:#f2f2f2;background:var(--global-palette3, #1A202C);border-color:#eeeeee;border-radius:200px;overflow:hidden;border-top-width:0px;border-right-width:0px;border-bottom-width:0px;border-left-width:0px;padding-top:15px;padding-right:15px;padding-bottom:15px;padding-left:15px;margin-top:0px;margin-right:16px;margin-bottom:0px;margin-left:0px;}.kt-info-box7_d4e0b0-7d .kt-blocks-info-box-media .kadence-info-box-image-intrisic img{border-radius:200px;}.kt-info-box7_d4e0b0-7d .kt-blocks-info-box-link-wrap:hover .kt-blocks-info-box-media{color:var(--global-palette1, #3182CE);background:var(--global-palette3, #1A202C);border-color:#eeeeee;}.kt-info-box7_d4e0b0-7d .kt-infobox-textcontent h6.kt-blocks-info-box-title{color:var(--global-palette9, #ffffff);font-size:20px;line-height:1.3;font-weight:700;padding-top:0px;padding-right:0px;padding-bottom:0px;padding-left:0px;margin-top:5px;margin-right:0px;margin-bottom:10px;margin-left:0px;}.kt-info-box7_d4e0b0-7d .kt-infobox-textcontent .kt-blocks-info-box-text{color:var(--global-palette8, #F7FAFC);}.kt-info-box7_d4e0b0-7d .kt-blocks-info-box-learnmore{background:transparent;border-color:#555555;border-width:0px 0px 0px 0px;padding-top:4px;padding-right:8px;padding-bottom:4px;padding-left:8px;margin-top:10px;margin-right:0px;margin-bottom:10px;margin-left:0px;}.kt-info-box7_d4e0b0-7d .kt-blocks-info-box-link-wrap:hover .kt-blocks-info-box-learnmore,.kt-info-box7_d4e0b0-7d .kt-blocks-info-box-link-wrap .kt-blocks-info-box-learnmore:focus{color:#ffffff;background:#444444;border-color:#444444;}<\/style>\n<div class=\"wp-block-kadence-infobox kt-info-box7_d4e0b0-7d\"><div class=\"kt-blocks-info-box-link-wrap kt-blocks-info-box-media-align-left kt-info-halign-left\"><div class=\"kt-blocks-info-box-media-container\"><div class=\"kt-blocks-info-box-media kt-info-media-animate-none\"><div class=\"kadence-info-box-icon-container kt-info-icon-animate-none\"><div class=\"kadence-info-box-icon-inner-container\"><span class=\"kb-svg-icon-wrap kb-svg-icon-fe_mail kt-info-svg-icon\"><svg viewBox=\"0 0 24 24\"  fill=\"none\" stroke=\"currentColor\" stroke-width=\"2\" stroke-linecap=\"round\" stroke-linejoin=\"round\" xmlns=\"http:\/\/www.w3.org\/2000\/svg\"  aria-hidden=\"true\"><path d=\"M4 4h16c1.1 0 2 .9 2 2v12c0 1.1-.9 2-2 2H4c-1.1 0-2-.9-2-2V6c0-1.1.9-2 2-2z\"\/><polyline points=\"22,6 12,13 2,6\"\/><\/svg><\/span><\/div><\/div><\/div><\/div><div class=\"kt-infobox-textcontent\"><h6 class=\"kt-blocks-info-box-title\">S\u00e4hk\u00f6posti<\/h6><p class=\"kt-blocks-info-box-text\">studio at studio360.fi<\/p><\/div><\/div><\/div>\n<\/div><\/div>\n\n<\/div><\/div><\/div><\/div>\n\n\n<style>.kadence-column7_555b36-5b > .kt-inside-inner-col,.kadence-column7_555b36-5b > .kt-inside-inner-col:before{border-top-left-radius:0px;border-top-right-radius:0px;border-bottom-right-radius:0px;border-bottom-left-radius:0px;}.kadence-column7_555b36-5b > .kt-inside-inner-col{column-gap:var(--global-kb-gap-sm, 1rem);}.kadence-column7_555b36-5b > .kt-inside-inner-col{flex-direction:column;}.kadence-column7_555b36-5b > .kt-inside-inner-col > .aligncenter{width:100%;}.kadence-column7_555b36-5b > .kt-inside-inner-col:before{opacity:0.3;}.kadence-column7_555b36-5b{position:relative;}.kadence-column7_555b36-5b, .kt-inside-inner-col > .kadence-column7_555b36-5b:not(.specificity){margin-top:0px;margin-right:0px;margin-bottom:0px;margin-left:0px;}@media all and (max-width: 1024px){.kadence-column7_555b36-5b > .kt-inside-inner-col,.kadence-column7_555b36-5b > .kt-inside-inner-col:before{border-top-left-radius:25px;border-top-right-radius:25px;border-bottom-right-radius:25px;border-bottom-left-radius:25px;}}@media all and (max-width: 1024px){.kadence-column7_555b36-5b > .kt-inside-inner-col{flex-direction:column;justify-content:center;}}@media all and (max-width: 1024px){.kadence-column7_555b36-5b, .kt-inside-inner-col > .kadence-column7_555b36-5b:not(.specificity){margin-bottom:0px;}}@media all and (max-width: 767px){.kadence-column7_555b36-5b > .kt-inside-inner-col{padding-top:0px;padding-right:0px;padding-bottom:0px;padding-left:0px;flex-direction:column;justify-content:center;}}<\/style>\n<div class=\"wp-block-kadence-column kadence-column7_555b36-5b\"><div class=\"kt-inside-inner-col\"><style>.kb-google-maps-container7_530422-7f{height:450px;}.kb-google-maps-container7_530422-7f{filter:grayscale(72%);}<\/style><div class=\"kb-google-maps-container kb-google-maps-container7_530422-7f  wp-block-kadence-googlemaps\" data-mapid=\"7_5304227f\"><iframe width=\"100%\" height=\"100%\"\n\t\t\t\t\t\t\tstyle=\"border:0\" loading=\"lazy\"\n\t\t\t\t\t\t\tsrc=\"https:\/\/www.google.com\/maps\/embed\/v1\/place?key=AIzaSyBAM2o7PiQqwk15LC1XRH2e_KJ-jUa7KYk&#038;zoom=11&#038;maptype=roadmap&#038;q=Kalasatama\"\n\t\t\t\t\t\t\ttitle=\"Google map of Kalasatama\"><\/iframe><\/div><script>function kb_google_map7_5304227f() { let center = { lat: 37.8201, lng: -122.4781}; let map = new google.maps.Map(document.getElementById(\"kb-google-map7_5304227f\"), {\n\t\t\t\t\t    zoom: 11,\n\t\t\t\t\t    center: center,});let marker = new google.maps.Marker({   position: { lat: 37.8201, lng: -122.4781},    map: map,  });}<\/script><\/div><\/div>\n\n<\/div><\/div>\n\n","protected":false},"excerpt":{"rendered":"","protected":false},"author":1,"featured_media":0,"parent":0,"menu_order":0,"comment_status":"closed","ping_status":"closed","template":"","meta":{"footnotes":""},"class_list":["post-7","page","type-page","status-publish","hentry"],"_links":{"self":[{"href":"https:\/\/studio360.fi\/index.php?rest_route=\/wp\/v2\/pages\/7","targetHints":{"allow":["GET"]}}],"collection":[{"href":"https:\/\/studio360.fi\/index.php?rest_route=\/wp\/v2\/pages"}],"about":[{"href":"https:\/\/studio360.fi\/index.php?rest_route=\/wp\/v2\/types\/page"}],"author":[{"embeddable":true,"href":"https:\/\/studio360.fi\/index.php?rest_route=\/wp\/v2\/users\/1"}],"replies":[{"embeddable":true,"href":"https:\/\/studio360.fi\/index.php?rest_route=%2Fwp%2Fv2%2Fcomments&post=7"}],"version-history":[{"count":17,"href":"https:\/\/studio360.fi\/index.php?rest_route=\/wp\/v2\/pages\/7\/revisions"}],"predecessor-version":[{"id":182,"href":"https:\/\/studio360.fi\/index.php?rest_route=\/wp\/v2\/pages\/7\/revisions\/182"}],"wp:attachment":[{"href":"https:\/\/studio360.fi\/index.php?rest_route=%2Fwp%2Fv2%2Fmedia&parent=7"}],"curies":[{"name":"wp","href":"https:\/\/api.w.org\/{rel}","templated":true}]}}